{"id":2,"date":"2022-10-27T13:45:31","date_gmt":"2022-10-27T13:45:31","guid":{"rendered":"https:\/\/nisanbets.com\/?page_id=2"},"modified":"2026-03-01T21:14:38","modified_gmt":"2026-03-01T21:14:38","slug":"sample-page","status":"publish","type":"page","link":"https:\/\/nisanbets.com\/ns\/","title":{"rendered":"Nisanbet | Nisanbet G\u00fcncel Giri\u015f | Nisanbet Yeni Adresi"},"content":{"rendered":"<p><a href=\"https:\/\/nisanbets.com\/\"><strong>Nisanbet<\/strong><\/a> g\u00fcvenilir bahis ve casino oyunlar\u0131n\u0131 kullan\u0131c\u0131lar\u0131na ak\u0131c\u0131 bir \u015fekilde ula\u015ft\u0131rmak ad\u0131na kurulmu\u015ftur. Bahis sitesinin bir \u00e7ok avantaj\u0131 bulunmaktad\u0131r. Lakin \u00f6ncelikli olarak lisansl\u0131 olmas\u0131 bahis severler taraf\u0131ndan \u00f6n plana \u00e7\u0131kmaktad\u0131r. Spor ve casino alan\u0131nda sundu\u011fu bonuslar sayesinde bahis sekt\u00f6r\u00fcnde hatr\u0131 say\u0131l\u0131r bir sitedir. Bahis oranlar\u0131, casino lobileri, bonuslar\u0131 ve daha fazlas\u0131 i\u00e7in sayfam\u0131zda bulunan giri\u015f butonlar\u0131n\u0131 kullanabilirsiniz.<\/p>\n<p style=\"text-align: center;\">\t<a target=\"_blank\" rel=\"nofollow\" href=\"https:\/\/mpacksmedia.online\/nisanbet\" class=\"button-19\" role=\"button\">T\u0131kla, Nisanbet Giri\u015f Yap!<\/a>\n\t<\/p>\n<figure id=\"attachment_159\" aria-describedby=\"caption-attachment-159\" style=\"width: 500px\" class=\"wp-caption aligncenter\"><a href=\"https:\/\/mpacksmedia.online\/nisanbet\" target=\"_blank\" rel=\"noopener\"><img loading=\"lazy\" decoding=\"async\" class=\"wp-image-159 size-full\" src=\"https:\/\/nisanbets.com\/wp-content\/uploads\/2026\/03\/nisanbet.jpg\" alt=\"Nisanbet, g\u00fcncel giri\u015f bilgileri ve kampanya duyurular\u0131n\u0131 \u015feffaf bi\u00e7imde payla\u015farak kullan\u0131c\u0131 deneyimini \u00f6n planda tutar.\" width=\"500\" height=\"499\" srcset=\"https:\/\/nisanbets.com\/wp-content\/uploads\/2026\/03\/nisanbet.jpg 500w, https:\/\/nisanbets.com\/wp-content\/uploads\/2026\/03\/nisanbet-300x300.jpg 300w, https:\/\/nisanbets.com\/wp-content\/uploads\/2026\/03\/nisanbet-150x150.jpg 150w\" sizes=\"auto, (max-width: 500px) 100vw, 500px\" \/><\/a><figcaption id=\"caption-attachment-159\" class=\"wp-caption-text\">Nisanbet Bahis Sitesi 2026 Giri\u015f Bilgileri<\/figcaption><\/figure>\n<p>Nisanbet, kullan\u0131c\u0131 g\u00fcvenli\u011fini \u00f6n planda tutan teknik altyap\u0131s\u0131yla da dikkat \u00e7eker. Site i\u00e7erisinde ger\u00e7ekle\u015ftirilen i\u015flemler g\u00fcncel g\u00fcvenlik protokolleri ile korunur ve hesap hareketleri \u015feffaf \u015fekilde takip edilebilir. Platformun sistem s\u00fcreklili\u011fi, yo\u011fun d\u00f6nemlerde dahi eri\u015fim problemlerinin minimum seviyede kalmas\u0131n\u0131 sa\u011flar.<\/p>\n<p>Bunun yan\u0131 s\u0131ra Nisanbet, kullan\u0131c\u0131 deneyimini sadece bahis ve oyun \u00e7e\u015fitlili\u011fi ile de\u011fil, operasyonel d\u00fczeniyle de destekler. Kurallar, kampanya \u015fartlar\u0131 ve kullan\u0131m detaylar\u0131 a\u00e7\u0131k bi\u00e7imde sunulmakta olup, \u00fcyeler karar s\u00fcre\u00e7lerini net bilgi \u00fczerinden y\u00f6netebilir. Platform yap\u0131s\u0131, karma\u015f\u0131k de\u011fil sade ilerledi\u011fi i\u00e7in yeni kullan\u0131c\u0131lar a\u00e7\u0131s\u0131ndan da anla\u015f\u0131l\u0131r bir kullan\u0131m sunar.<\/p>\n","protected":false},"excerpt":{"rendered":"<div class=\"mh-excerpt\"><p>Nisanbet g\u00fcvenilir bahis ve casino oyunlar\u0131n\u0131 kullan\u0131c\u0131lar\u0131na ak\u0131c\u0131 bir \u015fekilde ula\u015ft\u0131rmak ad\u0131na kurulmu\u015ftur. Bahis sitesinin bir \u00e7ok avantaj\u0131 bulunmaktad\u0131r. Lakin \u00f6ncelikli olarak lisansl\u0131 olmas\u0131 bahis severler taraf\u0131ndan \u00f6n plana \u00e7\u0131kmaktad\u0131r. Spor ve casino alan\u0131nda sundu\u011fu <a class=\"mh-excerpt-more\" href=\"https:\/\/nisanbets.com\/ns\/\" title=\"Nisanbet | Nisanbet G\u00fcncel Giri\u015f | Nisanbet Yeni Adresi\">[&#8230;]<\/a><\/p>\n<\/div>","protected":false},"author":1,"featured_media":0,"parent":0,"menu_order":0,"comment_status":"closed","ping_status":"open","template":"","meta":{"footnotes":""},"class_list":["post-2","page","type-page","status-publish"],"_links":{"self":[{"href":"https:\/\/nisanbets.com\/ns\/wp-json\/wp\/v2\/pages\/2","targetHints":{"allow":["GET"]}}],"collection":[{"href":"https:\/\/nisanbets.com\/ns\/wp-json\/wp\/v2\/pages"}],"about":[{"href":"https:\/\/nisanbets.com\/ns\/wp-json\/wp\/v2\/types\/page"}],"author":[{"embeddable":true,"href":"https:\/\/nisanbets.com\/ns\/wp-json\/wp\/v2\/users\/1"}],"replies":[{"embeddable":true,"href":"https:\/\/nisanbets.com\/ns\/wp-json\/wp\/v2\/comments?post=2"}],"version-history":[{"count":20,"href":"https:\/\/nisanbets.com\/ns\/wp-json\/wp\/v2\/pages\/2\/revisions"}],"predecessor-version":[{"id":197,"href":"https:\/\/nisanbets.com\/ns\/wp-json\/wp\/v2\/pages\/2\/revisions\/197"}],"wp:attachment":[{"href":"https:\/\/nisanbets.com\/ns\/wp-json\/wp\/v2\/media?parent=2"}],"curies":[{"name":"wp","href":"https:\/\/api.w.org\/{rel}","templated":true}]}}